{"id":72,"date":"2017-01-24T06:08:32","date_gmt":"2017-01-24T06:08:32","guid":{"rendered":"http:\/\/dorogimedence.hu\/?page_id=72"},"modified":"2017-02-07T17:55:56","modified_gmt":"2017-02-07T16:55:56","slug":"dorogi-medencerol","status":"publish","type":"page","link":"https:\/\/dorogimedence.hu\/index.php\/dorogi-medencerol\/","title":{"rendered":"Dorogi-medenc\u00e9r\u0151l"},"content":{"rendered":"<p align=\"justify\">A Dorogi-medence a Pilis, a Gerecse \u00e9s a Budai-hegys\u00e9g \u00e1ltal k\u00f6zrefogott, \u00e9szaknyugatr\u00f3l r\u00e9szben nyitott \u00e1rkos medence. \u00c1tlagos tengerszint feletti magass\u00e1ga 110 \u00e9s 250 m k\u00f6z\u00f6tt alakul, f\u0151 v\u00edzfoly\u00e1sa a Keny\u00e9rmez\u0151i-patak, legjelent\u0151sebb \u00e1ll\u00f3vize a Palatinus-t\u00f3. A medenc\u00e9n halad kereszt\u00fcl a 10-es f\u0151\u00fat \u00e9s a Budapest\u2013Esztergom-vas\u00fatvonal.<\/p>\n<p><strong>Fekv\u00e9se<\/strong><\/p>\n<p align=\"justify\">A kist\u00e1j Kom\u00e1rom-Esztergom megye keleti \u00e9s Pest megye \u00e9szaknyugati r\u00e9sz\u00e9n helyezkedik el a V\u00f6r\u00f6sv\u00e1ri-\u00e1rkot is mag\u00e1ban foglal\u00f3 Pilisi-medenc\u00e9k r\u00e9szek\u00e9nt, amely szerkezetileg a Dunazug-hegyvid\u00e9k k\u00f6z\u00e9pt\u00e1jhoz \u00e9s a Dun\u00e1nt\u00fali-k\u00f6z\u00e9phegys\u00e9g nagyt\u00e1jhoz tartozik. D\u00e9lnyugatr\u00f3l a Gerecse keleti ny\u00falv\u00e1nyai (a Gete hegy), \u00e9szakkeletr\u0151l a Pilis vonulatai, d\u00e9lkeletr\u0151l a Budai-hegys\u00e9g, a V\u00f6r\u00f6sv\u00e1ri-\u00e1rok ir\u00e1ny\u00e1ban a Pilist \u00e9s a Budai-hegys\u00e9get, \u00e9s egyben a k\u00e9t Pilisi-medenc\u00e9t is elv\u00e1laszt\u00f3 Kop\u00e1r-h\u00e1g\u00f3 hat\u00e1rolja. A h\u00e1g\u00f3 alatt 780 m hossz\u00fa vas\u00fati alag\u00fat tal\u00e1lhat\u00f3 a Budapest\u2013Esztergom-vas\u00fatvonal r\u00e9szek\u00e9nt. Ter\u00fclete 120 km\u00b2, felsz\u00edni vizeit az Esztergomn\u00e1l a Dun\u00e1ba torkoll\u00f3 Keny\u00e9rmez\u0151i-patak vezeti el. A Budai-hegys\u00e9g \u00e9szaknyugati r\u00e9sz\u00e9n ered\u0151 patak 19 km hosszan folyik v\u00e9gig a medenc\u00e9ben, v\u00edzgy\u0171jt\u0151 ter\u00fclete 136 km\u00b2.<\/p>\n<p><strong>N\u00e9pess\u00e9ge<\/strong><\/p>\n<p align=\"justify\">A medence 8 telep\u00fcl\u00e9s\u00e9nek ter\u00fclete 107,71 km\u00b2, a n\u00e9pess\u00e9ge 37 311 f\u0151, n\u00e9ps\u0171r\u0171s\u00e9ge 346,4 f\u0151\/km\u00b2 (2010), ami t\u00f6bb mint h\u00e1romszorosa az orsz\u00e1gos \u00e1tlagnak, ez f\u0151k\u00e9nt a s\u0171r\u0171 be\u00e9p\u00edt\u00e9s\u0171, urbaniz\u00e1lt Dorognak k\u00f6sz\u00f6nhet\u0151.<\/p>\n<p><strong>Telep\u00fcl\u00e9sei<\/strong><\/p>\n<ul>\n<li>Dorog (12 156 f\u0151)<\/li>\n<li>Esztergom-Kertv\u00e1ros (6256 f\u0151, 2011-ben)<\/li>\n<li>Keszt\u00f6lc (2659 f\u0151)<\/li>\n<li>Le\u00e1nyv\u00e1r (1715 f\u0151)<\/li>\n<li>Piliscsaba (8074 f\u0151)<\/li>\n<li>Piliscs\u00e9v (2371 f\u0151)<\/li>\n<li>Pilisj\u00e1szfalu (1490 f\u0151)<\/li>\n<li>Tokodalt\u00e1r\u00f3 (3081 f\u0151)<\/li>\n<\/ul>\n<p>&nbsp;<\/p>\n<p><em>Forr\u00e1s: Wikip\u00e9dia<\/em><\/p>\n","protected":false},"excerpt":{"rendered":"<p>A Dorogi-medence a Pilis, a Gerecse \u00e9s a Budai-hegys\u00e9g \u00e1ltal k\u00f6zrefogott, \u00e9szaknyugatr\u00f3l r\u00e9szben nyitott \u00e1rkos medence. \u00c1tlagos tengerszint feletti magass\u00e1ga 110 \u00e9s 250 m k\u00f6z\u00f6tt alakul, f\u0151 v\u00edzfoly\u00e1sa a Keny\u00e9rmez\u0151i-patak, legjelent\u0151sebb \u00e1ll\u00f3vize a Palatinus-t\u00f3. A medenc\u00e9n halad kereszt\u00fcl a 10-es f\u0151\u00fat \u00e9s a Budapest\u2013Esztergom-vas\u00fatvonal. Fekv\u00e9se A kist\u00e1j Kom\u00e1rom-Esztergom megye keleti \u00e9s Pest megye \u00e9szaknyugati r\u00e9sz\u00e9n<\/p>\n","protected":false},"author":1,"featured_media":0,"parent":0,"menu_order":0,"comment_status":"closed","ping_status":"closed","template":"","meta":{"ngg_post_thumbnail":0,"footnotes":""},"class_list":["post-72","page","type-page","status-publish"],"yoast_head":"<!-- This site is optimized with the Yoast SEO plugin v27.4 - https:\/\/yoast.com\/product\/yoast-seo-wordpress\/ -->\n<title>Dorogi-medenc\u00e9r\u0151l - Dorogi-medence Region\u00e1lis H\u00edrport\u00e1l<\/title>\n<meta name=\"robots\" content=\"index, follow, max-snippet:-1, max-image-preview:large, max-video-preview:-1\" \/>\n<link rel=\"canonical\" href=\"https:\/\/dorogimedence.hu\/index.php\/dorogi-medencerol\/\" class=\"yoast-seo-meta-tag\" \/>\n<meta property=\"og:locale\" content=\"hu_HU\" class=\"yoast-seo-meta-tag\" \/>\n<meta property=\"og:type\" content=\"article\" class=\"yoast-seo-meta-tag\" \/>\n<meta property=\"og:title\" content=\"Dorogi-medenc\u00e9r\u0151l - Dorogi-medence Region\u00e1lis H\u00edrport\u00e1l\" class=\"yoast-seo-meta-tag\" \/>\n<meta property=\"og:description\" content=\"A Dorogi-medence a Pilis, a Gerecse \u00e9s a Budai-hegys\u00e9g \u00e1ltal k\u00f6zrefogott, \u00e9szaknyugatr\u00f3l r\u00e9szben nyitott \u00e1rkos medence. \u00c1tlagos tengerszint feletti magass\u00e1ga 110 \u00e9s 250 m k\u00f6z\u00f6tt alakul, f\u0151 v\u00edzfoly\u00e1sa a Keny\u00e9rmez\u0151i-patak, legjelent\u0151sebb \u00e1ll\u00f3vize a Palatinus-t\u00f3. A medenc\u00e9n halad kereszt\u00fcl a 10-es f\u0151\u00fat \u00e9s a Budapest\u2013Esztergom-vas\u00fatvonal. Fekv\u00e9se A kist\u00e1j Kom\u00e1rom-Esztergom megye keleti \u00e9s Pest megye \u00e9szaknyugati r\u00e9sz\u00e9n\" class=\"yoast-seo-meta-tag\" \/>\n<meta property=\"og:url\" content=\"https:\/\/dorogimedence.hu\/index.php\/dorogi-medencerol\/\" class=\"yoast-seo-meta-tag\" \/>\n<meta property=\"og:site_name\" content=\"Dorogi-medence Region\u00e1lis H\u00edrport\u00e1l\" class=\"yoast-seo-meta-tag\" \/>\n<meta property=\"article:publisher\" content=\"https:\/\/www.facebook.com\/dorogimedence\/\" class=\"yoast-seo-meta-tag\" \/>\n<meta property=\"article:modified_time\" content=\"2017-02-07T16:55:56+00:00\" class=\"yoast-seo-meta-tag\" \/>\n<meta name=\"twitter:card\" content=\"summary_large_image\" class=\"yoast-seo-meta-tag\" \/>\n<meta name=\"twitter:label1\" content=\"Becs\u00fclt olvas\u00e1si id\u0151\" class=\"yoast-seo-meta-tag\" \/>\n\t<meta name=\"twitter:data1\" content=\"2 perc\" class=\"yoast-seo-meta-tag\" \/>\n<script type=\"application\/ld+json\" class=\"yoast-schema-graph\">{\"@context\":\"https:\\\/\\\/schema.org\",\"@graph\":[{\"@type\":\"WebPage\",\"@id\":\"https:\\\/\\\/dorogimedence.hu\\\/index.php\\\/dorogi-medencerol\\\/\",\"url\":\"https:\\\/\\\/dorogimedence.hu\\\/index.php\\\/dorogi-medencerol\\\/\",\"name\":\"Dorogi-medenc\u00e9r\u0151l - Dorogi-medence Region\u00e1lis H\u00edrport\u00e1l\",\"isPartOf\":{\"@id\":\"https:\\\/\\\/dorogimedence.hu\\\/#website\"},\"datePublished\":\"2017-01-24T06:08:32+00:00\",\"dateModified\":\"2017-02-07T16:55:56+00:00\",\"breadcrumb\":{\"@id\":\"https:\\\/\\\/dorogimedence.hu\\\/index.php\\\/dorogi-medencerol\\\/#breadcrumb\"},\"inLanguage\":\"hu\",\"potentialAction\":[{\"@type\":\"ReadAction\",\"target\":[\"https:\\\/\\\/dorogimedence.hu\\\/index.php\\\/dorogi-medencerol\\\/\"]}]},{\"@type\":\"BreadcrumbList\",\"@id\":\"https:\\\/\\\/dorogimedence.hu\\\/index.php\\\/dorogi-medencerol\\\/#breadcrumb\",\"itemListElement\":[{\"@type\":\"ListItem\",\"position\":1,\"name\":\"Kezd\u0151lap\",\"item\":\"https:\\\/\\\/dorogimedence.hu\\\/\"},{\"@type\":\"ListItem\",\"position\":2,\"name\":\"Dorogi-medenc\u00e9r\u0151l\"}]},{\"@type\":\"WebSite\",\"@id\":\"https:\\\/\\\/dorogimedence.hu\\\/#website\",\"url\":\"https:\\\/\\\/dorogimedence.hu\\\/\",\"name\":\"Dorogi-medence Region\u00e1lis H\u00edrport\u00e1l\",\"description\":\"Dorog, Keszt\u00f6lc, Le\u00e1nyv\u00e1r, Piliscs\u00e9v, Tokod, Tokodalt\u00e1r\u00f3, Csolnok, Esztergom-kertv\u00e1ros: h\u00edrek, programok\",\"publisher\":{\"@id\":\"https:\\\/\\\/dorogimedence.hu\\\/#organization\"},\"potentialAction\":[{\"@type\":\"SearchAction\",\"target\":{\"@type\":\"EntryPoint\",\"urlTemplate\":\"https:\\\/\\\/dorogimedence.hu\\\/?s={search_term_string}\"},\"query-input\":{\"@type\":\"PropertyValueSpecification\",\"valueRequired\":true,\"valueName\":\"search_term_string\"}}],\"inLanguage\":\"hu\"},{\"@type\":\"Organization\",\"@id\":\"https:\\\/\\\/dorogimedence.hu\\\/#organization\",\"name\":\"Dorogi-medence Region\u00e1lis H\u00edrport\u00e1l\",\"url\":\"https:\\\/\\\/dorogimedence.hu\\\/\",\"logo\":{\"@type\":\"ImageObject\",\"inLanguage\":\"hu\",\"@id\":\"https:\\\/\\\/dorogimedence.hu\\\/#\\\/schema\\\/logo\\\/image\\\/\",\"url\":\"https:\\\/\\\/dorogimedence.hu\\\/wp-content\\\/uploads\\\/2021\\\/04\\\/logo-feher-600.png\",\"contentUrl\":\"https:\\\/\\\/dorogimedence.hu\\\/wp-content\\\/uploads\\\/2021\\\/04\\\/logo-feher-600.png\",\"width\":600,\"height\":100,\"caption\":\"Dorogi-medence Region\u00e1lis H\u00edrport\u00e1l\"},\"image\":{\"@id\":\"https:\\\/\\\/dorogimedence.hu\\\/#\\\/schema\\\/logo\\\/image\\\/\"},\"sameAs\":[\"https:\\\/\\\/www.facebook.com\\\/dorogimedence\\\/\"]}]}<\/script>\n<!-- \/ Yoast SEO plugin. -->","yoast_head_json":{"title":"Dorogi-medenc\u00e9r\u0151l - Dorogi-medence Region\u00e1lis H\u00edrport\u00e1l","robots":{"index":"index","follow":"follow","max-snippet":"max-snippet:-1","max-image-preview":"max-image-preview:large","max-video-preview":"max-video-preview:-1"},"canonical":"https:\/\/dorogimedence.hu\/index.php\/dorogi-medencerol\/","og_locale":"hu_HU","og_type":"article","og_title":"Dorogi-medenc\u00e9r\u0151l - Dorogi-medence Region\u00e1lis H\u00edrport\u00e1l","og_description":"A Dorogi-medence a Pilis, a Gerecse \u00e9s a Budai-hegys\u00e9g \u00e1ltal k\u00f6zrefogott, \u00e9szaknyugatr\u00f3l r\u00e9szben nyitott \u00e1rkos medence. \u00c1tlagos tengerszint feletti magass\u00e1ga 110 \u00e9s 250 m k\u00f6z\u00f6tt alakul, f\u0151 v\u00edzfoly\u00e1sa a Keny\u00e9rmez\u0151i-patak, legjelent\u0151sebb \u00e1ll\u00f3vize a Palatinus-t\u00f3. A medenc\u00e9n halad kereszt\u00fcl a 10-es f\u0151\u00fat \u00e9s a Budapest\u2013Esztergom-vas\u00fatvonal. Fekv\u00e9se A kist\u00e1j Kom\u00e1rom-Esztergom megye keleti \u00e9s Pest megye \u00e9szaknyugati r\u00e9sz\u00e9n","og_url":"https:\/\/dorogimedence.hu\/index.php\/dorogi-medencerol\/","og_site_name":"Dorogi-medence Region\u00e1lis H\u00edrport\u00e1l","article_publisher":"https:\/\/www.facebook.com\/dorogimedence\/","article_modified_time":"2017-02-07T16:55:56+00:00","twitter_card":"summary_large_image","twitter_misc":{"Becs\u00fclt olvas\u00e1si id\u0151":"2 perc"},"schema":{"@context":"https:\/\/schema.org","@graph":[{"@type":"WebPage","@id":"https:\/\/dorogimedence.hu\/index.php\/dorogi-medencerol\/","url":"https:\/\/dorogimedence.hu\/index.php\/dorogi-medencerol\/","name":"Dorogi-medenc\u00e9r\u0151l - Dorogi-medence Region\u00e1lis H\u00edrport\u00e1l","isPartOf":{"@id":"https:\/\/dorogimedence.hu\/#website"},"datePublished":"2017-01-24T06:08:32+00:00","dateModified":"2017-02-07T16:55:56+00:00","breadcrumb":{"@id":"https:\/\/dorogimedence.hu\/index.php\/dorogi-medencerol\/#breadcrumb"},"inLanguage":"hu","potentialAction":[{"@type":"ReadAction","target":["https:\/\/dorogimedence.hu\/index.php\/dorogi-medencerol\/"]}]},{"@type":"BreadcrumbList","@id":"https:\/\/dorogimedence.hu\/index.php\/dorogi-medencerol\/#breadcrumb","itemListElement":[{"@type":"ListItem","position":1,"name":"Kezd\u0151lap","item":"https:\/\/dorogimedence.hu\/"},{"@type":"ListItem","position":2,"name":"Dorogi-medenc\u00e9r\u0151l"}]},{"@type":"WebSite","@id":"https:\/\/dorogimedence.hu\/#website","url":"https:\/\/dorogimedence.hu\/","name":"Dorogi-medence Region\u00e1lis H\u00edrport\u00e1l","description":"Dorog, Keszt\u00f6lc, Le\u00e1nyv\u00e1r, Piliscs\u00e9v, Tokod, Tokodalt\u00e1r\u00f3, Csolnok, Esztergom-kertv\u00e1ros: h\u00edrek, programok","publisher":{"@id":"https:\/\/dorogimedence.hu\/#organization"},"potentialAction":[{"@type":"SearchAction","target":{"@type":"EntryPoint","urlTemplate":"https:\/\/dorogimedence.hu\/?s={search_term_string}"},"query-input":{"@type":"PropertyValueSpecification","valueRequired":true,"valueName":"search_term_string"}}],"inLanguage":"hu"},{"@type":"Organization","@id":"https:\/\/dorogimedence.hu\/#organization","name":"Dorogi-medence Region\u00e1lis H\u00edrport\u00e1l","url":"https:\/\/dorogimedence.hu\/","logo":{"@type":"ImageObject","inLanguage":"hu","@id":"https:\/\/dorogimedence.hu\/#\/schema\/logo\/image\/","url":"https:\/\/dorogimedence.hu\/wp-content\/uploads\/2021\/04\/logo-feher-600.png","contentUrl":"https:\/\/dorogimedence.hu\/wp-content\/uploads\/2021\/04\/logo-feher-600.png","width":600,"height":100,"caption":"Dorogi-medence Region\u00e1lis H\u00edrport\u00e1l"},"image":{"@id":"https:\/\/dorogimedence.hu\/#\/schema\/logo\/image\/"},"sameAs":["https:\/\/www.facebook.com\/dorogimedence\/"]}]}},"_links":{"self":[{"href":"https:\/\/dorogimedence.hu\/index.php\/wp-json\/wp\/v2\/pages\/72","targetHints":{"allow":["GET"]}}],"collection":[{"href":"https:\/\/dorogimedence.hu\/index.php\/wp-json\/wp\/v2\/pages"}],"about":[{"href":"https:\/\/dorogimedence.hu\/index.php\/wp-json\/wp\/v2\/types\/page"}],"author":[{"embeddable":true,"href":"https:\/\/dorogimedence.hu\/index.php\/wp-json\/wp\/v2\/users\/1"}],"replies":[{"embeddable":true,"href":"https:\/\/dorogimedence.hu\/index.php\/wp-json\/wp\/v2\/comments?post=72"}],"version-history":[{"count":0,"href":"https:\/\/dorogimedence.hu\/index.php\/wp-json\/wp\/v2\/pages\/72\/revisions"}],"wp:attachment":[{"href":"https:\/\/dorogimedence.hu\/index.php\/wp-json\/wp\/v2\/media?parent=72"}],"curies":[{"name":"wp","href":"https:\/\/api.w.org\/{rel}","templated":true}]}}