{"id":70,"date":"2017-01-24T06:08:15","date_gmt":"2017-01-24T06:08:15","guid":{"rendered":"http:\/\/dorogimedence.hu\/?page_id=70"},"modified":"2021-03-05T15:28:27","modified_gmt":"2021-03-05T14:28:27","slug":"mediaajanlo","status":"publish","type":"page","link":"https:\/\/dorogimedence.hu\/index.php\/mediaajanlo\/","title":{"rendered":"M\u00e9diaaj\u00e1nl\u00f3"},"content":{"rendered":"<h4>&nbsp;<\/h4>\n<p><span style=\"color: #000080;\"><strong>Banner hirdet\u00e9s (300&#215;250 pixel m\u00e9ret\u0171): <\/strong><\/span><em>Minden b\u00f6ng\u00e9sz\u0151ben \u00e9s platformon megjelenik (asztali, mobil, t\u00e1blag\u00e9p). Az oldal jobb oldal\u00e1n, el\u0151l, frekvent\u00e1lt helyen jelenik meg.<br \/>\n<span style=\"color: #ff0000;\"><strong>A banner hirdet\u00e9shez aj\u00e1nd\u00e9k PR-cikk j\u00e1r!<\/strong><\/span><\/em><\/p>\n<p><span style=\"color: #000080;\"><strong>PR-cikk: <\/strong><\/span>A PR-cikk egyszer jelenik meg a f\u0151oldalon, mint a hagyom\u00e1nyos cikkek. Az id\u0151 eltelt\u00e9vel h\u00e1tr\u00e1bb sorol\u00f3dik, viszont mindig el\u00e9rhet\u0151 marad az oldalon.<\/p>\n<p><span style=\"color: #000080;\"><strong>Egy\u00e9b oldalak (csomagban): <\/strong><\/span>Az egy\u00e9b oldalak k\u00f6z\u00e9, az \u00e1ltalunk \u00fczemeltetett lap.hu oldalak tartoznak: <em><strong>dunakanyar.lap.hu, dorog.lap.hu, esztergom.lap.hu, tokod.lap.hu, tat.lap.hu, nyergesujfalu.lap.hu, labatlan.lap.hu. <\/strong><\/em>Ezen oldalak mindegyik\u00e9n 300&#215;250 pixel m\u00e9ret\u0171 k\u00e9pes hirdet\u00e9sre van lehet\u0151s\u00e9g.<\/p>\n<p><span style=\"color: #000080;\"><strong>All in One csomag:<\/strong><\/span><br \/>\n&#8211; Banner hirdet\u00e9s &#8211; dorogimedence.hu (300&#215;250 pixel m\u00e9ret\u0171)<br \/>\n&#8211; 1 db PR-cikk &#8211; dorogimedence.hu<br \/>\n&#8211; Banner hirdet\u00e9s &#8211; dunakanyar.lap.hu, dorog.lap.hu, esztergom.lap.hu, tokod.lap.hu, tat.lap.hu, nyergesujfalu.lap.hu, labatlan.lap.hu oldalak mindegyik\u00e9n (300&#215;250 pixel m\u00e9ret\u0171).<\/p>\n<p><span style=\"color: #000080;\"><strong>A hirdet\u00e9sek d\u00edjaz\u00e1s\u00e1val kapcsolatban k\u00e9rje \u00e1raj\u00e1nlatunkat:<\/strong><\/span><\/p>\n<p><span style=\"color: #ff0000; font-size: 14pt;\"><strong>Lehoczki D\u00e1vid<\/strong><\/span><br \/>\n<span style=\"color: #ff0000; font-size: 14pt;\"> <strong>+36 30 257 36 38<\/strong><\/span><br \/>\n<span style=\"color: #ff0000; font-size: 14pt;\"> <strong>info@dorogimedence.hu<\/strong><\/span><\/p>\n<p>&nbsp;<\/p>\n<p><span style=\"color: #000000;\"><strong>Statisztika:<\/strong><\/span><\/p>\n<p><span style=\"color: #0000ff;\"><strong>A 2020-as \u00e9vben 404.142 felhaszn\u00e1l\u00f3, 1.169.361 munkamenetet v\u00e9gzett a h\u00edrport\u00e1lon. A l\u00e1togat\u00f3k \u00f6sszesen 1.545.529 oldalt tekintett meg. \u00c1tlag: 3.204 munkamenet\/nap.<\/strong><\/span><\/p>\n<p><strong><span style=\"color: #0000ff;\">A 2019-es \u00e9vben 281.980 felhaszn\u00e1l\u00f3, 867.100 munkamenetet v\u00e9gzett a h\u00edrport\u00e1lon. A l\u00e1togat\u00f3k \u00f6sszesen 1.141.680 oldalt tekintett meg. \u00c1tlag: 2.376 munkamenet\/nap.<\/span><\/strong><\/p>\n<p><strong><span style=\"color: #0000ff;\">A 2018-as \u00e9vben 211.945 felhaszn\u00e1l\u00f3, 605.015 munkamenetet v\u00e9gzett a h\u00edrport\u00e1lon. A l\u00e1togat\u00f3k \u00f6sszesen 809.930 oldalt tekintett meg. \u00c1tlag: 1.658 munkamenet\/nap.<\/span><\/strong><\/p>\n<p><span style=\"color: #0000ff;\"><strong>A 2017-es \u00e9vben 166.230 felhaszn\u00e1l\u00f3, 428.660 munkamenetet v\u00e9gzett a h\u00edrport\u00e1lon. A l\u00e1togat\u00f3k \u00f6sszesen 754.451 oldalt tekintett meg. \u00c1tlag: 1.174 munkamenet\/nap.<\/strong><\/span><\/p>\n<p><em><strong>A jelenlegi m\u00e9diaaj\u00e1nl\u00f3 2020. janu\u00e1r 31-t\u0151l, visszavon\u00e1sig \u00e9rv\u00e9nyes.<\/strong><\/em><\/p>\n","protected":false},"excerpt":{"rendered":"<p>&nbsp; Banner hirdet\u00e9s (300&#215;250 pixel m\u00e9ret\u0171): Minden b\u00f6ng\u00e9sz\u0151ben \u00e9s platformon megjelenik (asztali, mobil, t\u00e1blag\u00e9p). Az oldal jobb oldal\u00e1n, el\u0151l, frekvent\u00e1lt helyen jelenik meg. A banner hirdet\u00e9shez aj\u00e1nd\u00e9k PR-cikk j\u00e1r! PR-cikk: A PR-cikk egyszer jelenik meg a f\u0151oldalon, mint a hagyom\u00e1nyos cikkek. Az id\u0151 eltelt\u00e9vel h\u00e1tr\u00e1bb sorol\u00f3dik, viszont mindig el\u00e9rhet\u0151 marad az oldalon. Egy\u00e9b oldalak (csomagban):<\/p>\n","protected":false},"author":1,"featured_media":0,"parent":0,"menu_order":0,"comment_status":"closed","ping_status":"closed","template":"","meta":{"ngg_post_thumbnail":0,"footnotes":""},"class_list":["post-70","page","type-page","status-publish"],"yoast_head":"<!-- This site is optimized with the Yoast SEO plugin v27.4 - https:\/\/yoast.com\/product\/yoast-seo-wordpress\/ -->\n<title>M\u00e9diaaj\u00e1nl\u00f3 - Dorogi-medence Region\u00e1lis H\u00edrport\u00e1l<\/title>\n<meta name=\"robots\" content=\"index, follow, max-snippet:-1, max-image-preview:large, max-video-preview:-1\" \/>\n<link rel=\"canonical\" href=\"https:\/\/dorogimedence.hu\/index.php\/mediaajanlo\/\" class=\"yoast-seo-meta-tag\" \/>\n<meta property=\"og:locale\" content=\"hu_HU\" class=\"yoast-seo-meta-tag\" \/>\n<meta property=\"og:type\" content=\"article\" class=\"yoast-seo-meta-tag\" \/>\n<meta property=\"og:title\" content=\"M\u00e9diaaj\u00e1nl\u00f3 - Dorogi-medence Region\u00e1lis H\u00edrport\u00e1l\" class=\"yoast-seo-meta-tag\" \/>\n<meta property=\"og:description\" content=\"&nbsp; Banner hirdet\u00e9s (300&#215;250 pixel m\u00e9ret\u0171): Minden b\u00f6ng\u00e9sz\u0151ben \u00e9s platformon megjelenik (asztali, mobil, t\u00e1blag\u00e9p). Az oldal jobb oldal\u00e1n, el\u0151l, frekvent\u00e1lt helyen jelenik meg. A banner hirdet\u00e9shez aj\u00e1nd\u00e9k PR-cikk j\u00e1r! PR-cikk: A PR-cikk egyszer jelenik meg a f\u0151oldalon, mint a hagyom\u00e1nyos cikkek. Az id\u0151 eltelt\u00e9vel h\u00e1tr\u00e1bb sorol\u00f3dik, viszont mindig el\u00e9rhet\u0151 marad az oldalon. Egy\u00e9b oldalak (csomagban):\" class=\"yoast-seo-meta-tag\" \/>\n<meta property=\"og:url\" content=\"https:\/\/dorogimedence.hu\/index.php\/mediaajanlo\/\" class=\"yoast-seo-meta-tag\" \/>\n<meta property=\"og:site_name\" content=\"Dorogi-medence Region\u00e1lis H\u00edrport\u00e1l\" class=\"yoast-seo-meta-tag\" \/>\n<meta property=\"article:publisher\" content=\"https:\/\/www.facebook.com\/dorogimedence\/\" class=\"yoast-seo-meta-tag\" \/>\n<meta property=\"article:modified_time\" content=\"2021-03-05T14:28:27+00:00\" class=\"yoast-seo-meta-tag\" \/>\n<meta name=\"twitter:card\" content=\"summary_large_image\" class=\"yoast-seo-meta-tag\" \/>\n<meta name=\"twitter:label1\" content=\"Becs\u00fclt olvas\u00e1si id\u0151\" class=\"yoast-seo-meta-tag\" \/>\n\t<meta name=\"twitter:data1\" content=\"2 perc\" class=\"yoast-seo-meta-tag\" \/>\n<script type=\"application\/ld+json\" class=\"yoast-schema-graph\">{\"@context\":\"https:\\\/\\\/schema.org\",\"@graph\":[{\"@type\":\"WebPage\",\"@id\":\"https:\\\/\\\/dorogimedence.hu\\\/index.php\\\/mediaajanlo\\\/\",\"url\":\"https:\\\/\\\/dorogimedence.hu\\\/index.php\\\/mediaajanlo\\\/\",\"name\":\"M\u00e9diaaj\u00e1nl\u00f3 - Dorogi-medence Region\u00e1lis H\u00edrport\u00e1l\",\"isPartOf\":{\"@id\":\"https:\\\/\\\/dorogimedence.hu\\\/#website\"},\"datePublished\":\"2017-01-24T06:08:15+00:00\",\"dateModified\":\"2021-03-05T14:28:27+00:00\",\"breadcrumb\":{\"@id\":\"https:\\\/\\\/dorogimedence.hu\\\/index.php\\\/mediaajanlo\\\/#breadcrumb\"},\"inLanguage\":\"hu\",\"potentialAction\":[{\"@type\":\"ReadAction\",\"target\":[\"https:\\\/\\\/dorogimedence.hu\\\/index.php\\\/mediaajanlo\\\/\"]}]},{\"@type\":\"BreadcrumbList\",\"@id\":\"https:\\\/\\\/dorogimedence.hu\\\/index.php\\\/mediaajanlo\\\/#breadcrumb\",\"itemListElement\":[{\"@type\":\"ListItem\",\"position\":1,\"name\":\"Kezd\u0151lap\",\"item\":\"https:\\\/\\\/dorogimedence.hu\\\/\"},{\"@type\":\"ListItem\",\"position\":2,\"name\":\"M\u00e9diaaj\u00e1nl\u00f3\"}]},{\"@type\":\"WebSite\",\"@id\":\"https:\\\/\\\/dorogimedence.hu\\\/#website\",\"url\":\"https:\\\/\\\/dorogimedence.hu\\\/\",\"name\":\"Dorogi-medence Region\u00e1lis H\u00edrport\u00e1l\",\"description\":\"Dorog, Keszt\u00f6lc, Le\u00e1nyv\u00e1r, Piliscs\u00e9v, Tokod, Tokodalt\u00e1r\u00f3, Csolnok, Esztergom-kertv\u00e1ros: h\u00edrek, programok\",\"publisher\":{\"@id\":\"https:\\\/\\\/dorogimedence.hu\\\/#organization\"},\"potentialAction\":[{\"@type\":\"SearchAction\",\"target\":{\"@type\":\"EntryPoint\",\"urlTemplate\":\"https:\\\/\\\/dorogimedence.hu\\\/?s={search_term_string}\"},\"query-input\":{\"@type\":\"PropertyValueSpecification\",\"valueRequired\":true,\"valueName\":\"search_term_string\"}}],\"inLanguage\":\"hu\"},{\"@type\":\"Organization\",\"@id\":\"https:\\\/\\\/dorogimedence.hu\\\/#organization\",\"name\":\"Dorogi-medence Region\u00e1lis H\u00edrport\u00e1l\",\"url\":\"https:\\\/\\\/dorogimedence.hu\\\/\",\"logo\":{\"@type\":\"ImageObject\",\"inLanguage\":\"hu\",\"@id\":\"https:\\\/\\\/dorogimedence.hu\\\/#\\\/schema\\\/logo\\\/image\\\/\",\"url\":\"https:\\\/\\\/dorogimedence.hu\\\/wp-content\\\/uploads\\\/2021\\\/04\\\/logo-feher-600.png\",\"contentUrl\":\"https:\\\/\\\/dorogimedence.hu\\\/wp-content\\\/uploads\\\/2021\\\/04\\\/logo-feher-600.png\",\"width\":600,\"height\":100,\"caption\":\"Dorogi-medence Region\u00e1lis H\u00edrport\u00e1l\"},\"image\":{\"@id\":\"https:\\\/\\\/dorogimedence.hu\\\/#\\\/schema\\\/logo\\\/image\\\/\"},\"sameAs\":[\"https:\\\/\\\/www.facebook.com\\\/dorogimedence\\\/\"]}]}<\/script>\n<!-- \/ Yoast SEO plugin. -->","yoast_head_json":{"title":"M\u00e9diaaj\u00e1nl\u00f3 - Dorogi-medence Region\u00e1lis H\u00edrport\u00e1l","robots":{"index":"index","follow":"follow","max-snippet":"max-snippet:-1","max-image-preview":"max-image-preview:large","max-video-preview":"max-video-preview:-1"},"canonical":"https:\/\/dorogimedence.hu\/index.php\/mediaajanlo\/","og_locale":"hu_HU","og_type":"article","og_title":"M\u00e9diaaj\u00e1nl\u00f3 - Dorogi-medence Region\u00e1lis H\u00edrport\u00e1l","og_description":"&nbsp; Banner hirdet\u00e9s (300&#215;250 pixel m\u00e9ret\u0171): Minden b\u00f6ng\u00e9sz\u0151ben \u00e9s platformon megjelenik (asztali, mobil, t\u00e1blag\u00e9p). Az oldal jobb oldal\u00e1n, el\u0151l, frekvent\u00e1lt helyen jelenik meg. A banner hirdet\u00e9shez aj\u00e1nd\u00e9k PR-cikk j\u00e1r! PR-cikk: A PR-cikk egyszer jelenik meg a f\u0151oldalon, mint a hagyom\u00e1nyos cikkek. Az id\u0151 eltelt\u00e9vel h\u00e1tr\u00e1bb sorol\u00f3dik, viszont mindig el\u00e9rhet\u0151 marad az oldalon. Egy\u00e9b oldalak (csomagban):","og_url":"https:\/\/dorogimedence.hu\/index.php\/mediaajanlo\/","og_site_name":"Dorogi-medence Region\u00e1lis H\u00edrport\u00e1l","article_publisher":"https:\/\/www.facebook.com\/dorogimedence\/","article_modified_time":"2021-03-05T14:28:27+00:00","twitter_card":"summary_large_image","twitter_misc":{"Becs\u00fclt olvas\u00e1si id\u0151":"2 perc"},"schema":{"@context":"https:\/\/schema.org","@graph":[{"@type":"WebPage","@id":"https:\/\/dorogimedence.hu\/index.php\/mediaajanlo\/","url":"https:\/\/dorogimedence.hu\/index.php\/mediaajanlo\/","name":"M\u00e9diaaj\u00e1nl\u00f3 - Dorogi-medence Region\u00e1lis H\u00edrport\u00e1l","isPartOf":{"@id":"https:\/\/dorogimedence.hu\/#website"},"datePublished":"2017-01-24T06:08:15+00:00","dateModified":"2021-03-05T14:28:27+00:00","breadcrumb":{"@id":"https:\/\/dorogimedence.hu\/index.php\/mediaajanlo\/#breadcrumb"},"inLanguage":"hu","potentialAction":[{"@type":"ReadAction","target":["https:\/\/dorogimedence.hu\/index.php\/mediaajanlo\/"]}]},{"@type":"BreadcrumbList","@id":"https:\/\/dorogimedence.hu\/index.php\/mediaajanlo\/#breadcrumb","itemListElement":[{"@type":"ListItem","position":1,"name":"Kezd\u0151lap","item":"https:\/\/dorogimedence.hu\/"},{"@type":"ListItem","position":2,"name":"M\u00e9diaaj\u00e1nl\u00f3"}]},{"@type":"WebSite","@id":"https:\/\/dorogimedence.hu\/#website","url":"https:\/\/dorogimedence.hu\/","name":"Dorogi-medence Region\u00e1lis H\u00edrport\u00e1l","description":"Dorog, Keszt\u00f6lc, Le\u00e1nyv\u00e1r, Piliscs\u00e9v, Tokod, Tokodalt\u00e1r\u00f3, Csolnok, Esztergom-kertv\u00e1ros: h\u00edrek, programok","publisher":{"@id":"https:\/\/dorogimedence.hu\/#organization"},"potentialAction":[{"@type":"SearchAction","target":{"@type":"EntryPoint","urlTemplate":"https:\/\/dorogimedence.hu\/?s={search_term_string}"},"query-input":{"@type":"PropertyValueSpecification","valueRequired":true,"valueName":"search_term_string"}}],"inLanguage":"hu"},{"@type":"Organization","@id":"https:\/\/dorogimedence.hu\/#organization","name":"Dorogi-medence Region\u00e1lis H\u00edrport\u00e1l","url":"https:\/\/dorogimedence.hu\/","logo":{"@type":"ImageObject","inLanguage":"hu","@id":"https:\/\/dorogimedence.hu\/#\/schema\/logo\/image\/","url":"https:\/\/dorogimedence.hu\/wp-content\/uploads\/2021\/04\/logo-feher-600.png","contentUrl":"https:\/\/dorogimedence.hu\/wp-content\/uploads\/2021\/04\/logo-feher-600.png","width":600,"height":100,"caption":"Dorogi-medence Region\u00e1lis H\u00edrport\u00e1l"},"image":{"@id":"https:\/\/dorogimedence.hu\/#\/schema\/logo\/image\/"},"sameAs":["https:\/\/www.facebook.com\/dorogimedence\/"]}]}},"_links":{"self":[{"href":"https:\/\/dorogimedence.hu\/index.php\/wp-json\/wp\/v2\/pages\/70","targetHints":{"allow":["GET"]}}],"collection":[{"href":"https:\/\/dorogimedence.hu\/index.php\/wp-json\/wp\/v2\/pages"}],"about":[{"href":"https:\/\/dorogimedence.hu\/index.php\/wp-json\/wp\/v2\/types\/page"}],"author":[{"embeddable":true,"href":"https:\/\/dorogimedence.hu\/index.php\/wp-json\/wp\/v2\/users\/1"}],"replies":[{"embeddable":true,"href":"https:\/\/dorogimedence.hu\/index.php\/wp-json\/wp\/v2\/comments?post=70"}],"version-history":[{"count":0,"href":"https:\/\/dorogimedence.hu\/index.php\/wp-json\/wp\/v2\/pages\/70\/revisions"}],"wp:attachment":[{"href":"https:\/\/dorogimedence.hu\/index.php\/wp-json\/wp\/v2\/media?parent=70"}],"curies":[{"name":"wp","href":"https:\/\/api.w.org\/{rel}","templated":true}]}}