{"id":59247,"date":"2024-01-25T09:22:22","date_gmt":"2024-01-25T08:22:22","guid":{"rendered":"https:\/\/dorogimedence.hu\/?page_id=59247"},"modified":"2024-02-01T08:23:43","modified_gmt":"2024-02-01T07:23:43","slug":"impresszum-wp","status":"publish","type":"page","link":"https:\/\/dorogimedence.hu\/index.php\/impresszum-wp\/","title":{"rendered":"Impresszum"},"content":{"rendered":"<p><strong>Alap\u00edt\u00f3\/\u00dczemeltet\u0151\/Kiad\u00f3:<\/strong><br \/>\nLehoczki D\u00e1vid E.V.<br \/>\nSz\u00e9khely: 2510 Dorog, Er\u0151m\u0171 ltp. 7\/3.<br \/>\nAd\u00f3sz\u00e1m: 69504332-1-31<br \/>\nNyilv\u00e1ntart\u00e1si sz\u00e1m: 53278638<br \/>\nKiad\u00e1s\u00e9rt felel\u0151s szem\u00e9ly: Lehoczki D\u00e1vid<br \/>\nBanksz\u00e1mlasz\u00e1m: 11773401-00312387<\/p>\n<p><strong>Kapcsolat:<\/strong><br \/>\nLehoczki D\u00e1vid<br \/>\n+36 30 257 3638<br \/>\ninfo@dorogimedence.hu<\/p>\n<p><strong>Szerkeszt\u0151k:<\/strong> Lehoczki D\u00e1vid, Szab\u00f3 Gyula (sport \u00e9s sportt\u00f6rt\u00e9neti cikkek)<\/p>\n","protected":false},"excerpt":{"rendered":"<p>Alap\u00edt\u00f3\/\u00dczemeltet\u0151\/Kiad\u00f3: Lehoczki D\u00e1vid E.V. Sz\u00e9khely: 2510 Dorog, Er\u0151m\u0171 ltp. 7\/3. Ad\u00f3sz\u00e1m: 69504332-1-31 Nyilv\u00e1ntart\u00e1si sz\u00e1m: 53278638 Kiad\u00e1s\u00e9rt felel\u0151s szem\u00e9ly: Lehoczki D\u00e1vid Banksz\u00e1mlasz\u00e1m: 11773401-00312387 Kapcsolat: Lehoczki D\u00e1vid +36 30 257 3638 info@dorogimedence.hu Szerkeszt\u0151k: Lehoczki D\u00e1vid, Szab\u00f3 Gyula (sport \u00e9s sportt\u00f6rt\u00e9neti cikkek)<\/p>\n","protected":false},"author":1,"featured_media":0,"parent":0,"menu_order":0,"comment_status":"closed","ping_status":"closed","template":"","meta":{"ngg_post_thumbnail":0,"footnotes":""},"class_list":["post-59247","page","type-page","status-publish"],"yoast_head":"<!-- This site is optimized with the Yoast SEO plugin v27.4 - https:\/\/yoast.com\/product\/yoast-seo-wordpress\/ -->\n<title>Impresszum - Dorogi-medence Region\u00e1lis H\u00edrport\u00e1l<\/title>\n<meta name=\"robots\" content=\"index, follow, max-snippet:-1, max-image-preview:large, max-video-preview:-1\" \/>\n<link rel=\"canonical\" href=\"https:\/\/dorogimedence.hu\/index.php\/impresszum-wp\/\" class=\"yoast-seo-meta-tag\" \/>\n<meta property=\"og:locale\" content=\"hu_HU\" class=\"yoast-seo-meta-tag\" \/>\n<meta property=\"og:type\" content=\"article\" class=\"yoast-seo-meta-tag\" \/>\n<meta property=\"og:title\" content=\"Impresszum - Dorogi-medence Region\u00e1lis H\u00edrport\u00e1l\" class=\"yoast-seo-meta-tag\" \/>\n<meta property=\"og:description\" content=\"Alap\u00edt\u00f3\/\u00dczemeltet\u0151\/Kiad\u00f3: Lehoczki D\u00e1vid E.V. Sz\u00e9khely: 2510 Dorog, Er\u0151m\u0171 ltp. 7\/3. Ad\u00f3sz\u00e1m: 69504332-1-31 Nyilv\u00e1ntart\u00e1si sz\u00e1m: 53278638 Kiad\u00e1s\u00e9rt felel\u0151s szem\u00e9ly: Lehoczki D\u00e1vid Banksz\u00e1mlasz\u00e1m: 11773401-00312387 Kapcsolat: Lehoczki D\u00e1vid +36 30 257 3638 info@dorogimedence.hu Szerkeszt\u0151k: Lehoczki D\u00e1vid, Szab\u00f3 Gyula (sport \u00e9s sportt\u00f6rt\u00e9neti cikkek)\" class=\"yoast-seo-meta-tag\" \/>\n<meta property=\"og:url\" content=\"https:\/\/dorogimedence.hu\/index.php\/impresszum-wp\/\" class=\"yoast-seo-meta-tag\" \/>\n<meta property=\"og:site_name\" content=\"Dorogi-medence Region\u00e1lis H\u00edrport\u00e1l\" class=\"yoast-seo-meta-tag\" \/>\n<meta property=\"article:publisher\" content=\"https:\/\/www.facebook.com\/dorogimedence\/\" class=\"yoast-seo-meta-tag\" \/>\n<meta property=\"article:modified_time\" content=\"2024-02-01T07:23:43+00:00\" class=\"yoast-seo-meta-tag\" \/>\n<meta name=\"twitter:card\" content=\"summary_large_image\" class=\"yoast-seo-meta-tag\" \/>\n<script type=\"application\/ld+json\" class=\"yoast-schema-graph\">{\"@context\":\"https:\\\/\\\/schema.org\",\"@graph\":[{\"@type\":\"WebPage\",\"@id\":\"https:\\\/\\\/dorogimedence.hu\\\/index.php\\\/impresszum-wp\\\/\",\"url\":\"https:\\\/\\\/dorogimedence.hu\\\/index.php\\\/impresszum-wp\\\/\",\"name\":\"Impresszum - Dorogi-medence Region\u00e1lis H\u00edrport\u00e1l\",\"isPartOf\":{\"@id\":\"https:\\\/\\\/dorogimedence.hu\\\/#website\"},\"datePublished\":\"2024-01-25T08:22:22+00:00\",\"dateModified\":\"2024-02-01T07:23:43+00:00\",\"breadcrumb\":{\"@id\":\"https:\\\/\\\/dorogimedence.hu\\\/index.php\\\/impresszum-wp\\\/#breadcrumb\"},\"inLanguage\":\"hu\",\"potentialAction\":[{\"@type\":\"ReadAction\",\"target\":[\"https:\\\/\\\/dorogimedence.hu\\\/index.php\\\/impresszum-wp\\\/\"]}]},{\"@type\":\"BreadcrumbList\",\"@id\":\"https:\\\/\\\/dorogimedence.hu\\\/index.php\\\/impresszum-wp\\\/#breadcrumb\",\"itemListElement\":[{\"@type\":\"ListItem\",\"position\":1,\"name\":\"Kezd\u0151lap\",\"item\":\"https:\\\/\\\/dorogimedence.hu\\\/\"},{\"@type\":\"ListItem\",\"position\":2,\"name\":\"Impresszum\"}]},{\"@type\":\"WebSite\",\"@id\":\"https:\\\/\\\/dorogimedence.hu\\\/#website\",\"url\":\"https:\\\/\\\/dorogimedence.hu\\\/\",\"name\":\"Dorogi-medence Region\u00e1lis H\u00edrport\u00e1l\",\"description\":\"Dorog, Keszt\u00f6lc, Le\u00e1nyv\u00e1r, Piliscs\u00e9v, Tokod, Tokodalt\u00e1r\u00f3, Csolnok, Esztergom-kertv\u00e1ros: h\u00edrek, programok\",\"publisher\":{\"@id\":\"https:\\\/\\\/dorogimedence.hu\\\/#organization\"},\"potentialAction\":[{\"@type\":\"SearchAction\",\"target\":{\"@type\":\"EntryPoint\",\"urlTemplate\":\"https:\\\/\\\/dorogimedence.hu\\\/?s={search_term_string}\"},\"query-input\":{\"@type\":\"PropertyValueSpecification\",\"valueRequired\":true,\"valueName\":\"search_term_string\"}}],\"inLanguage\":\"hu\"},{\"@type\":\"Organization\",\"@id\":\"https:\\\/\\\/dorogimedence.hu\\\/#organization\",\"name\":\"Dorogi-medence Region\u00e1lis H\u00edrport\u00e1l\",\"url\":\"https:\\\/\\\/dorogimedence.hu\\\/\",\"logo\":{\"@type\":\"ImageObject\",\"inLanguage\":\"hu\",\"@id\":\"https:\\\/\\\/dorogimedence.hu\\\/#\\\/schema\\\/logo\\\/image\\\/\",\"url\":\"https:\\\/\\\/dorogimedence.hu\\\/wp-content\\\/uploads\\\/2021\\\/04\\\/logo-feher-600.png\",\"contentUrl\":\"https:\\\/\\\/dorogimedence.hu\\\/wp-content\\\/uploads\\\/2021\\\/04\\\/logo-feher-600.png\",\"width\":600,\"height\":100,\"caption\":\"Dorogi-medence Region\u00e1lis H\u00edrport\u00e1l\"},\"image\":{\"@id\":\"https:\\\/\\\/dorogimedence.hu\\\/#\\\/schema\\\/logo\\\/image\\\/\"},\"sameAs\":[\"https:\\\/\\\/www.facebook.com\\\/dorogimedence\\\/\"]}]}<\/script>\n<!-- \/ Yoast SEO plugin. -->","yoast_head_json":{"title":"Impresszum - Dorogi-medence Region\u00e1lis H\u00edrport\u00e1l","robots":{"index":"index","follow":"follow","max-snippet":"max-snippet:-1","max-image-preview":"max-image-preview:large","max-video-preview":"max-video-preview:-1"},"canonical":"https:\/\/dorogimedence.hu\/index.php\/impresszum-wp\/","og_locale":"hu_HU","og_type":"article","og_title":"Impresszum - Dorogi-medence Region\u00e1lis H\u00edrport\u00e1l","og_description":"Alap\u00edt\u00f3\/\u00dczemeltet\u0151\/Kiad\u00f3: Lehoczki D\u00e1vid E.V. Sz\u00e9khely: 2510 Dorog, Er\u0151m\u0171 ltp. 7\/3. Ad\u00f3sz\u00e1m: 69504332-1-31 Nyilv\u00e1ntart\u00e1si sz\u00e1m: 53278638 Kiad\u00e1s\u00e9rt felel\u0151s szem\u00e9ly: Lehoczki D\u00e1vid Banksz\u00e1mlasz\u00e1m: 11773401-00312387 Kapcsolat: Lehoczki D\u00e1vid +36 30 257 3638 info@dorogimedence.hu Szerkeszt\u0151k: Lehoczki D\u00e1vid, Szab\u00f3 Gyula (sport \u00e9s sportt\u00f6rt\u00e9neti cikkek)","og_url":"https:\/\/dorogimedence.hu\/index.php\/impresszum-wp\/","og_site_name":"Dorogi-medence Region\u00e1lis H\u00edrport\u00e1l","article_publisher":"https:\/\/www.facebook.com\/dorogimedence\/","article_modified_time":"2024-02-01T07:23:43+00:00","twitter_card":"summary_large_image","schema":{"@context":"https:\/\/schema.org","@graph":[{"@type":"WebPage","@id":"https:\/\/dorogimedence.hu\/index.php\/impresszum-wp\/","url":"https:\/\/dorogimedence.hu\/index.php\/impresszum-wp\/","name":"Impresszum - Dorogi-medence Region\u00e1lis H\u00edrport\u00e1l","isPartOf":{"@id":"https:\/\/dorogimedence.hu\/#website"},"datePublished":"2024-01-25T08:22:22+00:00","dateModified":"2024-02-01T07:23:43+00:00","breadcrumb":{"@id":"https:\/\/dorogimedence.hu\/index.php\/impresszum-wp\/#breadcrumb"},"inLanguage":"hu","potentialAction":[{"@type":"ReadAction","target":["https:\/\/dorogimedence.hu\/index.php\/impresszum-wp\/"]}]},{"@type":"BreadcrumbList","@id":"https:\/\/dorogimedence.hu\/index.php\/impresszum-wp\/#breadcrumb","itemListElement":[{"@type":"ListItem","position":1,"name":"Kezd\u0151lap","item":"https:\/\/dorogimedence.hu\/"},{"@type":"ListItem","position":2,"name":"Impresszum"}]},{"@type":"WebSite","@id":"https:\/\/dorogimedence.hu\/#website","url":"https:\/\/dorogimedence.hu\/","name":"Dorogi-medence Region\u00e1lis H\u00edrport\u00e1l","description":"Dorog, Keszt\u00f6lc, Le\u00e1nyv\u00e1r, Piliscs\u00e9v, Tokod, Tokodalt\u00e1r\u00f3, Csolnok, Esztergom-kertv\u00e1ros: h\u00edrek, programok","publisher":{"@id":"https:\/\/dorogimedence.hu\/#organization"},"potentialAction":[{"@type":"SearchAction","target":{"@type":"EntryPoint","urlTemplate":"https:\/\/dorogimedence.hu\/?s={search_term_string}"},"query-input":{"@type":"PropertyValueSpecification","valueRequired":true,"valueName":"search_term_string"}}],"inLanguage":"hu"},{"@type":"Organization","@id":"https:\/\/dorogimedence.hu\/#organization","name":"Dorogi-medence Region\u00e1lis H\u00edrport\u00e1l","url":"https:\/\/dorogimedence.hu\/","logo":{"@type":"ImageObject","inLanguage":"hu","@id":"https:\/\/dorogimedence.hu\/#\/schema\/logo\/image\/","url":"https:\/\/dorogimedence.hu\/wp-content\/uploads\/2021\/04\/logo-feher-600.png","contentUrl":"https:\/\/dorogimedence.hu\/wp-content\/uploads\/2021\/04\/logo-feher-600.png","width":600,"height":100,"caption":"Dorogi-medence Region\u00e1lis H\u00edrport\u00e1l"},"image":{"@id":"https:\/\/dorogimedence.hu\/#\/schema\/logo\/image\/"},"sameAs":["https:\/\/www.facebook.com\/dorogimedence\/"]}]}},"_links":{"self":[{"href":"https:\/\/dorogimedence.hu\/index.php\/wp-json\/wp\/v2\/pages\/59247","targetHints":{"allow":["GET"]}}],"collection":[{"href":"https:\/\/dorogimedence.hu\/index.php\/wp-json\/wp\/v2\/pages"}],"about":[{"href":"https:\/\/dorogimedence.hu\/index.php\/wp-json\/wp\/v2\/types\/page"}],"author":[{"embeddable":true,"href":"https:\/\/dorogimedence.hu\/index.php\/wp-json\/wp\/v2\/users\/1"}],"replies":[{"embeddable":true,"href":"https:\/\/dorogimedence.hu\/index.php\/wp-json\/wp\/v2\/comments?post=59247"}],"version-history":[{"count":0,"href":"https:\/\/dorogimedence.hu\/index.php\/wp-json\/wp\/v2\/pages\/59247\/revisions"}],"wp:attachment":[{"href":"https:\/\/dorogimedence.hu\/index.php\/wp-json\/wp\/v2\/media?parent=59247"}],"curies":[{"name":"wp","href":"https:\/\/api.w.org\/{rel}","templated":true}]}}