{"id":142,"date":"2017-01-30T13:25:55","date_gmt":"2017-01-30T13:25:55","guid":{"rendered":"http:\/\/dorogimedence.hu\/?page_id=142"},"modified":"2020-07-04T09:19:38","modified_gmt":"2020-07-04T07:19:38","slug":"kozerdeku","status":"publish","type":"page","link":"https:\/\/dorogimedence.hu\/index.php\/kozerdeku\/","title":{"rendered":"K\u00f6z\u00e9rdek\u0171"},"content":{"rendered":"<h3><span style=\"color: #ff0000;\"><strong>K\u00f6z\u00e9rdek\u0171 telefonsz\u00e1mok<\/strong><\/span><\/h3>\n<p>Seg\u00e9lyh\u00edv\u00f3: 112 <em>(ment\u0151k+rend\u0151r\u00f6k+t\u0171zolt\u00f3k)<\/em><br \/>\nMent\u0151k: 104<br \/>\nT\u0171zolt\u00f3k: 105<br \/>\nRend\u0151rs\u00e9g: 107<br \/>\nAut\u00f3klub seg\u00e9lyh\u00edv\u00f3: 188<\/p>\n<p>Pontos id\u0151: 180<br \/>\n\u00c9breszt\u00e9s: 193<br \/>\nBelf\u00f6ldi tudakoz\u00f3: 198<br \/>\nNemzetk\u00f6zi tudakoz\u00f3: 199<\/p>\n<p>&nbsp;<\/p>\n<h3><span style=\"color: #ff0000;\"><strong>Dorogi Eg\u00e9szs\u00e9g\u00fcgy<\/strong><\/span><\/h3>\n<p><strong>Dorogi Szakorvosi Rendel\u0151<\/strong><br \/>\n2510 Dorog, M\u00e1ria utca 20.<br \/>\nTelefon: +36 33 512 740<br \/>\nWeb: <a href=\"http:\/\/www.dorogkorhaz.hu\" target=\"_blank\" rel=\"noopener noreferrer\">www.dorogkorhaz.hu<\/a><\/p>\n<p><strong><a href=\"https:\/\/patikavilag.hu\/dorog\" target=\"_blank\" rel=\"noopener noreferrer\">Dorogi gy\u00f3gyszert\u00e1ri \u00fcgyelet<\/a><\/strong><\/p>\n<p><strong>H\u00e1ziorvosi \u00fcgyelet<\/strong><br \/>\nTelefon: +36 33 441 008<br \/>\nWeb: <a href=\"http:\/\/www.dorogiugyelet.hu\" target=\"_blank\" rel=\"noopener noreferrer\">www.dorogiugyelet.hu<\/a><br \/>\nH\u00e9tf\u0151-Cs\u00fct\u00f6rt\u00f6k: 16.00-08.00<br \/>\nP\u00e9ntek 15.00-t\u00f3l H\u00e9tf\u0151 08.00-ig.<\/p>\n<p><strong>Dr. Hamvas J\u00f3zsef h\u00e1ziorvos<\/strong><br \/>\nH\u00e9tf\u0151, Szerda:<em> 12.00-16.00. <\/em>Kedd, Cs\u00fct\u00f6rt\u00f6k: <em>08.00-12.00. <\/em>P\u00e9ntek:<em> 10.00-14.00.<\/em><\/p>\n<p><strong>Dr. S\u00e1ska Magdolna h\u00e1ziorvos<\/strong><br \/>\nH\u00e9tf\u0151, Szerda:<em> 12.00-16.00. <\/em>Kedd, Cs\u00fct\u00f6rt\u00f6k, P\u00e9ntek: <em>08.00-12.00.<\/em><\/p>\n<p><strong>Dr. Tittmann Judit h\u00e1ziorvos<\/strong><br \/>\nH\u00e9tf\u0151, Szerda: <em>08.00-13.00.<\/em> Kedd: <em>11.00-15.00.<\/em> Cs\u00fct\u00f6rt\u00f6k, P\u00e9ntek: <em>08.00-11.00.<\/em><\/p>\n<p><strong>Dr. Heged\u0171s Gyula h\u00e1ziorvos<\/strong><br \/>\nH\u00e9tf\u0151, Szerda, P\u00e9ntek: <em>7.30-11.00.<\/em> Kedd, Cs\u00fct\u00f6rt\u00f6k: <em>12.00-16.00.<\/em><\/p>\n<p><strong>Dr. T\u00f3th Gizella h\u00e1ziorvos<\/strong><br \/>\nH\u00e9tf\u0151: <em>11.00-15.00.<\/em> Kedd, Szerda, P\u00e9ntek: <em>08.00-11.00.<\/em> Cs\u00fct\u00f6rt\u00f6k: <em>12.00-15.00.<\/em><\/p>\n<p>&nbsp;<\/p>\n<h3><span style=\"color: #ff0000;\"><strong>Dorogi Hivatalok<\/strong><\/span><\/h3>\n<p><strong>Dorog V\u00e1ros \u00d6nkorm\u00e1nyzata<\/strong><br \/>\nC\u00edm: 2510 Dorog, B\u00e9csi \u00fat 79-81.<br \/>\nTelefon: +36 33 431 299<br \/>\nE-mail: varoshaza@dorog.hu<br \/>\n<a href=\"http:\/\/www.dorog.hu\/index.php?oldal=21\" target=\"_blank\" rel=\"noopener noreferrer\">\u00dcgyf\u00e9lfogad\u00e1s<\/a><\/p>\n<p><strong>Esztergomi J\u00e1r\u00e1si Hivatal Dorogi Kirendelts\u00e9ge<\/strong><br \/>\nC\u00edm: 2510 Dorog, Hantken Miksa u. 8.<br \/>\nTelefon: +36 33 795 079<br \/>\n<span style=\"color: #ff0000;\"><strong><em>Korm\u00e1nyablak (okm\u00e1nyiroda) \u00fcgyf\u00e9lfogad\u00e1si ideje (2020. j\u00falius 6-t\u00f3l):<\/em><\/strong><\/span><br \/>\nH\u00e9tf\u0151, Szerda:<em> 08.00-18.00. <\/em>Kedd:<em> 08.00-14.00. <\/em>Cs\u00fct\u00f6rt\u00f6k:<em> 08.00-16.00. <\/em>P\u00e9ntek:<em> 07.00-13.00. <\/em><\/p>\n<p><strong>Dorogi T\u00f6bbc\u00e9l\u00fa Kist\u00e9rs\u00e9gi T\u00e1rsul\u00e1s<\/strong><br \/>\n<em>15 telep\u00fcl\u00e9st \u00e1tfog\u00f3 dorogi kist\u00e9rs\u00e9get \u00e9rint\u0151 feladatok koordin\u00e1l\u00e1sa.<\/em><br \/>\nC\u00edm: 2510 Dorog, B\u00e9csi \u00fat 79-81.<br \/>\nTelefon: +36 33 441-191<br \/>\nE-mail: kisterseg@dorog.hu<br \/>\n\u00dcgyf\u00e9lfogad\u00e1s: <em>H\u00e9tf\u0151-P\u00e9ntek: 08.00-16.00.<\/em><\/p>\n<p><strong>Dorog 1 Posta<\/strong><br \/>\nC\u00edm: 2510 Dorog, M\u00e1ria u. 31\/D<br \/>\nTelefon: +36 33 512 895, +36 33 512 897<br \/>\nH\u00e9tf\u0151-P\u00e9ntek: <em>08.00-18.00.<\/em> Szombat: <em>08.00-12.00.<\/em><\/p>\n<p><strong>Dorog 2 Posta<\/strong><br \/>\nC\u00edm: H\u00e1m K\u00e1lm\u00e1n ltp. 10.<br \/>\nTelefon: +36 33 502 840<br \/>\nH\u00e9tf\u0151-P\u00e9ntek: <em>08.00-12.00 \u00e9s 12.30-16.00.<\/em><\/p>\n","protected":false},"excerpt":{"rendered":"<p>K\u00f6z\u00e9rdek\u0171 telefonsz\u00e1mok Seg\u00e9lyh\u00edv\u00f3: 112 (ment\u0151k+rend\u0151r\u00f6k+t\u0171zolt\u00f3k) Ment\u0151k: 104 T\u0171zolt\u00f3k: 105 Rend\u0151rs\u00e9g: 107 Aut\u00f3klub seg\u00e9lyh\u00edv\u00f3: 188 Pontos id\u0151: 180 \u00c9breszt\u00e9s: 193 Belf\u00f6ldi tudakoz\u00f3: 198 Nemzetk\u00f6zi tudakoz\u00f3: 199 &nbsp; Dorogi Eg\u00e9szs\u00e9g\u00fcgy Dorogi Szakorvosi Rendel\u0151 2510 Dorog, M\u00e1ria utca 20. Telefon: +36 33 512 740 Web: www.dorogkorhaz.hu Dorogi gy\u00f3gyszert\u00e1ri \u00fcgyelet H\u00e1ziorvosi \u00fcgyelet Telefon: +36 33 441 008 Web: www.dorogiugyelet.hu<\/p>\n","protected":false},"author":1,"featured_media":0,"parent":0,"menu_order":0,"comment_status":"closed","ping_status":"closed","template":"","meta":{"ngg_post_thumbnail":0,"footnotes":""},"class_list":["post-142","page","type-page","status-publish"],"yoast_head":"<!-- This site is optimized with the Yoast SEO plugin v27.3 - https:\/\/yoast.com\/product\/yoast-seo-wordpress\/ -->\n<title>K\u00f6z\u00e9rdek\u0171 - Dorogi-medence Region\u00e1lis H\u00edrport\u00e1l<\/title>\n<meta name=\"robots\" content=\"index, follow, max-snippet:-1, max-image-preview:large, max-video-preview:-1\" \/>\n<link rel=\"canonical\" href=\"https:\/\/dorogimedence.hu\/index.php\/kozerdeku\/\" class=\"yoast-seo-meta-tag\" \/>\n<meta property=\"og:locale\" content=\"hu_HU\" class=\"yoast-seo-meta-tag\" \/>\n<meta property=\"og:type\" content=\"article\" class=\"yoast-seo-meta-tag\" \/>\n<meta property=\"og:title\" content=\"K\u00f6z\u00e9rdek\u0171 - Dorogi-medence Region\u00e1lis H\u00edrport\u00e1l\" class=\"yoast-seo-meta-tag\" \/>\n<meta property=\"og:description\" content=\"K\u00f6z\u00e9rdek\u0171 telefonsz\u00e1mok Seg\u00e9lyh\u00edv\u00f3: 112 (ment\u0151k+rend\u0151r\u00f6k+t\u0171zolt\u00f3k) Ment\u0151k: 104 T\u0171zolt\u00f3k: 105 Rend\u0151rs\u00e9g: 107 Aut\u00f3klub seg\u00e9lyh\u00edv\u00f3: 188 Pontos id\u0151: 180 \u00c9breszt\u00e9s: 193 Belf\u00f6ldi tudakoz\u00f3: 198 Nemzetk\u00f6zi tudakoz\u00f3: 199 &nbsp; Dorogi Eg\u00e9szs\u00e9g\u00fcgy Dorogi Szakorvosi Rendel\u0151 2510 Dorog, M\u00e1ria utca 20. Telefon: +36 33 512 740 Web: www.dorogkorhaz.hu Dorogi gy\u00f3gyszert\u00e1ri \u00fcgyelet H\u00e1ziorvosi \u00fcgyelet Telefon: +36 33 441 008 Web: www.dorogiugyelet.hu\" class=\"yoast-seo-meta-tag\" \/>\n<meta property=\"og:url\" content=\"https:\/\/dorogimedence.hu\/index.php\/kozerdeku\/\" class=\"yoast-seo-meta-tag\" \/>\n<meta property=\"og:site_name\" content=\"Dorogi-medence Region\u00e1lis H\u00edrport\u00e1l\" class=\"yoast-seo-meta-tag\" \/>\n<meta property=\"article:publisher\" content=\"https:\/\/www.facebook.com\/dorogimedence\/\" class=\"yoast-seo-meta-tag\" \/>\n<meta property=\"article:modified_time\" content=\"2020-07-04T07:19:38+00:00\" class=\"yoast-seo-meta-tag\" \/>\n<meta name=\"twitter:card\" content=\"summary_large_image\" class=\"yoast-seo-meta-tag\" \/>\n<meta name=\"twitter:label1\" content=\"Becs\u00fclt olvas\u00e1si id\u0151\" class=\"yoast-seo-meta-tag\" \/>\n\t<meta name=\"twitter:data1\" content=\"2 perc\" class=\"yoast-seo-meta-tag\" \/>\n<script type=\"application\/ld+json\" class=\"yoast-schema-graph\">{\"@context\":\"https:\\\/\\\/schema.org\",\"@graph\":[{\"@type\":\"WebPage\",\"@id\":\"https:\\\/\\\/dorogimedence.hu\\\/index.php\\\/kozerdeku\\\/\",\"url\":\"https:\\\/\\\/dorogimedence.hu\\\/index.php\\\/kozerdeku\\\/\",\"name\":\"K\u00f6z\u00e9rdek\u0171 - Dorogi-medence Region\u00e1lis H\u00edrport\u00e1l\",\"isPartOf\":{\"@id\":\"https:\\\/\\\/dorogimedence.hu\\\/#website\"},\"datePublished\":\"2017-01-30T13:25:55+00:00\",\"dateModified\":\"2020-07-04T07:19:38+00:00\",\"breadcrumb\":{\"@id\":\"https:\\\/\\\/dorogimedence.hu\\\/index.php\\\/kozerdeku\\\/#breadcrumb\"},\"inLanguage\":\"hu\",\"potentialAction\":[{\"@type\":\"ReadAction\",\"target\":[\"https:\\\/\\\/dorogimedence.hu\\\/index.php\\\/kozerdeku\\\/\"]}]},{\"@type\":\"BreadcrumbList\",\"@id\":\"https:\\\/\\\/dorogimedence.hu\\\/index.php\\\/kozerdeku\\\/#breadcrumb\",\"itemListElement\":[{\"@type\":\"ListItem\",\"position\":1,\"name\":\"Kezd\u0151lap\",\"item\":\"https:\\\/\\\/dorogimedence.hu\\\/\"},{\"@type\":\"ListItem\",\"position\":2,\"name\":\"K\u00f6z\u00e9rdek\u0171\"}]},{\"@type\":\"WebSite\",\"@id\":\"https:\\\/\\\/dorogimedence.hu\\\/#website\",\"url\":\"https:\\\/\\\/dorogimedence.hu\\\/\",\"name\":\"Dorogi-medence Region\u00e1lis H\u00edrport\u00e1l\",\"description\":\"Dorog, Keszt\u00f6lc, Le\u00e1nyv\u00e1r, Piliscs\u00e9v, Tokod, Tokodalt\u00e1r\u00f3, Csolnok, Esztergom-kertv\u00e1ros: h\u00edrek, programok\",\"publisher\":{\"@id\":\"https:\\\/\\\/dorogimedence.hu\\\/#organization\"},\"potentialAction\":[{\"@type\":\"SearchAction\",\"target\":{\"@type\":\"EntryPoint\",\"urlTemplate\":\"https:\\\/\\\/dorogimedence.hu\\\/?s={search_term_string}\"},\"query-input\":{\"@type\":\"PropertyValueSpecification\",\"valueRequired\":true,\"valueName\":\"search_term_string\"}}],\"inLanguage\":\"hu\"},{\"@type\":\"Organization\",\"@id\":\"https:\\\/\\\/dorogimedence.hu\\\/#organization\",\"name\":\"Dorogi-medence Region\u00e1lis H\u00edrport\u00e1l\",\"url\":\"https:\\\/\\\/dorogimedence.hu\\\/\",\"logo\":{\"@type\":\"ImageObject\",\"inLanguage\":\"hu\",\"@id\":\"https:\\\/\\\/dorogimedence.hu\\\/#\\\/schema\\\/logo\\\/image\\\/\",\"url\":\"https:\\\/\\\/dorogimedence.hu\\\/wp-content\\\/uploads\\\/2021\\\/04\\\/logo-feher-600.png\",\"contentUrl\":\"https:\\\/\\\/dorogimedence.hu\\\/wp-content\\\/uploads\\\/2021\\\/04\\\/logo-feher-600.png\",\"width\":600,\"height\":100,\"caption\":\"Dorogi-medence Region\u00e1lis H\u00edrport\u00e1l\"},\"image\":{\"@id\":\"https:\\\/\\\/dorogimedence.hu\\\/#\\\/schema\\\/logo\\\/image\\\/\"},\"sameAs\":[\"https:\\\/\\\/www.facebook.com\\\/dorogimedence\\\/\"]}]}<\/script>\n<!-- \/ Yoast SEO plugin. -->","yoast_head_json":{"title":"K\u00f6z\u00e9rdek\u0171 - Dorogi-medence Region\u00e1lis H\u00edrport\u00e1l","robots":{"index":"index","follow":"follow","max-snippet":"max-snippet:-1","max-image-preview":"max-image-preview:large","max-video-preview":"max-video-preview:-1"},"canonical":"https:\/\/dorogimedence.hu\/index.php\/kozerdeku\/","og_locale":"hu_HU","og_type":"article","og_title":"K\u00f6z\u00e9rdek\u0171 - Dorogi-medence Region\u00e1lis H\u00edrport\u00e1l","og_description":"K\u00f6z\u00e9rdek\u0171 telefonsz\u00e1mok Seg\u00e9lyh\u00edv\u00f3: 112 (ment\u0151k+rend\u0151r\u00f6k+t\u0171zolt\u00f3k) Ment\u0151k: 104 T\u0171zolt\u00f3k: 105 Rend\u0151rs\u00e9g: 107 Aut\u00f3klub seg\u00e9lyh\u00edv\u00f3: 188 Pontos id\u0151: 180 \u00c9breszt\u00e9s: 193 Belf\u00f6ldi tudakoz\u00f3: 198 Nemzetk\u00f6zi tudakoz\u00f3: 199 &nbsp; Dorogi Eg\u00e9szs\u00e9g\u00fcgy Dorogi Szakorvosi Rendel\u0151 2510 Dorog, M\u00e1ria utca 20. Telefon: +36 33 512 740 Web: www.dorogkorhaz.hu Dorogi gy\u00f3gyszert\u00e1ri \u00fcgyelet H\u00e1ziorvosi \u00fcgyelet Telefon: +36 33 441 008 Web: www.dorogiugyelet.hu","og_url":"https:\/\/dorogimedence.hu\/index.php\/kozerdeku\/","og_site_name":"Dorogi-medence Region\u00e1lis H\u00edrport\u00e1l","article_publisher":"https:\/\/www.facebook.com\/dorogimedence\/","article_modified_time":"2020-07-04T07:19:38+00:00","twitter_card":"summary_large_image","twitter_misc":{"Becs\u00fclt olvas\u00e1si id\u0151":"2 perc"},"schema":{"@context":"https:\/\/schema.org","@graph":[{"@type":"WebPage","@id":"https:\/\/dorogimedence.hu\/index.php\/kozerdeku\/","url":"https:\/\/dorogimedence.hu\/index.php\/kozerdeku\/","name":"K\u00f6z\u00e9rdek\u0171 - Dorogi-medence Region\u00e1lis H\u00edrport\u00e1l","isPartOf":{"@id":"https:\/\/dorogimedence.hu\/#website"},"datePublished":"2017-01-30T13:25:55+00:00","dateModified":"2020-07-04T07:19:38+00:00","breadcrumb":{"@id":"https:\/\/dorogimedence.hu\/index.php\/kozerdeku\/#breadcrumb"},"inLanguage":"hu","potentialAction":[{"@type":"ReadAction","target":["https:\/\/dorogimedence.hu\/index.php\/kozerdeku\/"]}]},{"@type":"BreadcrumbList","@id":"https:\/\/dorogimedence.hu\/index.php\/kozerdeku\/#breadcrumb","itemListElement":[{"@type":"ListItem","position":1,"name":"Kezd\u0151lap","item":"https:\/\/dorogimedence.hu\/"},{"@type":"ListItem","position":2,"name":"K\u00f6z\u00e9rdek\u0171"}]},{"@type":"WebSite","@id":"https:\/\/dorogimedence.hu\/#website","url":"https:\/\/dorogimedence.hu\/","name":"Dorogi-medence Region\u00e1lis H\u00edrport\u00e1l","description":"Dorog, Keszt\u00f6lc, Le\u00e1nyv\u00e1r, Piliscs\u00e9v, Tokod, Tokodalt\u00e1r\u00f3, Csolnok, Esztergom-kertv\u00e1ros: h\u00edrek, programok","publisher":{"@id":"https:\/\/dorogimedence.hu\/#organization"},"potentialAction":[{"@type":"SearchAction","target":{"@type":"EntryPoint","urlTemplate":"https:\/\/dorogimedence.hu\/?s={search_term_string}"},"query-input":{"@type":"PropertyValueSpecification","valueRequired":true,"valueName":"search_term_string"}}],"inLanguage":"hu"},{"@type":"Organization","@id":"https:\/\/dorogimedence.hu\/#organization","name":"Dorogi-medence Region\u00e1lis H\u00edrport\u00e1l","url":"https:\/\/dorogimedence.hu\/","logo":{"@type":"ImageObject","inLanguage":"hu","@id":"https:\/\/dorogimedence.hu\/#\/schema\/logo\/image\/","url":"https:\/\/dorogimedence.hu\/wp-content\/uploads\/2021\/04\/logo-feher-600.png","contentUrl":"https:\/\/dorogimedence.hu\/wp-content\/uploads\/2021\/04\/logo-feher-600.png","width":600,"height":100,"caption":"Dorogi-medence Region\u00e1lis H\u00edrport\u00e1l"},"image":{"@id":"https:\/\/dorogimedence.hu\/#\/schema\/logo\/image\/"},"sameAs":["https:\/\/www.facebook.com\/dorogimedence\/"]}]}},"_links":{"self":[{"href":"https:\/\/dorogimedence.hu\/index.php\/wp-json\/wp\/v2\/pages\/142","targetHints":{"allow":["GET"]}}],"collection":[{"href":"https:\/\/dorogimedence.hu\/index.php\/wp-json\/wp\/v2\/pages"}],"about":[{"href":"https:\/\/dorogimedence.hu\/index.php\/wp-json\/wp\/v2\/types\/page"}],"author":[{"embeddable":true,"href":"https:\/\/dorogimedence.hu\/index.php\/wp-json\/wp\/v2\/users\/1"}],"replies":[{"embeddable":true,"href":"https:\/\/dorogimedence.hu\/index.php\/wp-json\/wp\/v2\/comments?post=142"}],"version-history":[{"count":0,"href":"https:\/\/dorogimedence.hu\/index.php\/wp-json\/wp\/v2\/pages\/142\/revisions"}],"wp:attachment":[{"href":"https:\/\/dorogimedence.hu\/index.php\/wp-json\/wp\/v2\/media?parent=142"}],"curies":[{"name":"wp","href":"https:\/\/api.w.org\/{rel}","templated":true}]}}